{"id":22,"date":"2026-03-22T18:05:58","date_gmt":"2026-03-22T18:05:58","guid":{"rendered":"https:\/\/keen-euclid.92-205-237-139.plesk.page\/?page_id=22"},"modified":"2026-03-23T10:28:45","modified_gmt":"2026-03-23T10:28:45","slug":"facility-services","status":"publish","type":"page","link":"https:\/\/keen-euclid.92-205-237-139.plesk.page\/index.php\/facility-services\/","title":{"rendered":"Facility Services"},"content":{"rendered":"<div id=\"pl-22\"  class=\"panel-layout\" ><div id=\"pg-22-0\"  class=\"panel-grid panel-has-style\" ><div id=\"hero\" class=\"panel-row-style panel-row-style-for-22-0\" ><div id=\"pgc-22-0-0\"  class=\"panel-grid-cell\" ><div id=\"panel-22-0-0-0\" class=\"so-panel widget widget_sow-image panel-first-child\" data-index=\"0\" ><div class=\"hero-img panel-widget-style panel-widget-style-for-22-0-0-0\" ><div\n\t\t\t\n\t\t\tclass=\"so-widget-sow-image so-widget-sow-image-default-8b5b6f678277-22\"\n\t\t\t\n\t\t>\n\n<div class=\"sow-image-container \">\n\t\t<img loading=\"lazy\" decoding=\"async\" src=\"https:\/\/keen-euclid.92-205-237-139.plesk.page\/wp-content\/uploads\/2026\/03\/facility.jpg\" width=\"2200\" height=\"1467\" srcset=\"https:\/\/keen-euclid.92-205-237-139.plesk.page\/wp-content\/uploads\/2026\/03\/facility.jpg 2200w, https:\/\/keen-euclid.92-205-237-139.plesk.page\/wp-content\/uploads\/2026\/03\/facility-300x200.jpg 300w, https:\/\/keen-euclid.92-205-237-139.plesk.page\/wp-content\/uploads\/2026\/03\/facility-1024x683.jpg 1024w, https:\/\/keen-euclid.92-205-237-139.plesk.page\/wp-content\/uploads\/2026\/03\/facility-768x512.jpg 768w, https:\/\/keen-euclid.92-205-237-139.plesk.page\/wp-content\/uploads\/2026\/03\/facility-1536x1024.jpg 1536w, https:\/\/keen-euclid.92-205-237-139.plesk.page\/wp-content\/uploads\/2026\/03\/facility-2048x1366.jpg 2048w, https:\/\/keen-euclid.92-205-237-139.plesk.page\/wp-content\/uploads\/2026\/03\/facility-272x182.jpg 272w\" sizes=\"auto, (max-width: 2200px) 100vw, 2200px\" alt=\"\" \t\tclass=\"so-widget-image\"\/>\n\t<\/div>\n\n<\/div><\/div><\/div><div id=\"panel-22-0-0-1\" class=\"so-panel widget widget_sow-editor panel-last-child\" data-index=\"1\" ><div id=\"herotext\" class=\"panel-widget-style panel-widget-style-for-22-0-0-1\" ><div\n\t\t\t\n\t\t\tclass=\"so-widget-sow-editor so-widget-sow-editor-base\"\n\t\t\t\n\t\t><div class=\"siteorigin-widget-tinymce textwidget \">\n\t<h1 class=\"title-h1\">Facility Services<\/h1>\n<p data-start=\"245\" data-end=\"360\">Der Rundum-Service von G\u00e4rtner G\u00e4hler f\u00fcr Ihr Zuhause und Unternehmen.<\/p>\n<p data-start=\"245\" data-end=\"360\"><a class=\"more-btn\" href=\"\/kontakt\">Jetzt anfragen<\/a><\/p>\n<\/div>\n<\/div><\/div><\/div><\/div><\/div><\/div><div id=\"pg-22-1\"  class=\"panel-grid panel-has-style\" ><div class=\"content-section content-section-s panel-row-style panel-row-style-for-22-1\" ><div id=\"pgc-22-1-0\"  class=\"panel-grid-cell\" ><div id=\"panel-22-1-0-0\" class=\"so-panel widget widget_sow-editor panel-first-child\" data-index=\"2\" ><div\n\t\t\t\n\t\t\tclass=\"so-widget-sow-editor so-widget-sow-editor-base\"\n\t\t\t\n\t\t><div class=\"siteorigin-widget-tinymce textwidget \">\n\t<h2>Facility Services von<br \/>\nG\u00e4rtner G\u00e4hler GmbH<\/h2>\n<p>Bei der G\u00e4rtner G\u00e4hler GmbH verstehen wir, dass eine gepflegte Au\u00dfenanlage genauso wichtig ist wie das Innere Ihres Zuhauses oder Unternehmens. Unsere Facility Services bieten Ihnen ein umfassendes Management aller Aspekte rund um Ihre Immobilie \u2013 effizient, zuverl\u00e4ssig und aus einer Hand.<\/p>\n<\/div>\n<\/div><\/div><div id=\"panel-22-1-0-1\" class=\"so-panel widget widget_sow-editor\" data-index=\"3\" ><div id=\"list-distance\" class=\"panel-widget-style panel-widget-style-for-22-1-0-1\" ><div\n\t\t\t\n\t\t\tclass=\"so-widget-sow-editor so-widget-sow-editor-base\"\n\t\t\t\n\t\t><div class=\"siteorigin-widget-tinymce textwidget \">\n\t<h3>Unser Service beinhaltet<\/h3>\n<ul class=\"wp-block-list\">\n<li><strong>Reinigung und Pflege<\/strong>: Vom Dach bis zur Tiefgarage sorgen wir f\u00fcr Sauberkeit und Werterhalt. Wir bieten regelm\u00e4\u00dfige Reinigungsdienste, damit Ihre Immobilie stets im besten Licht erscheint.<\/li>\n<li><strong>Gr\u00fcnfl\u00e4chenmanagement<\/strong>: Wir erhalten und versch\u00f6nern Ihre Gr\u00fcnfl\u00e4chen, vom Rasenschnitt bis zur professionellen Baumpflege. Ihr Au\u00dfenbereich wird einladend und repr\u00e4sentativ gestaltet.<\/li>\n<li><strong>Winterdienste<\/strong>: Sicherheit im Winter ist unerl\u00e4sslich. Wir bieten zuverl\u00e4ssige R\u00e4um- und Streudienste, damit Ihre Wege und Zufahrten frei und sicher bleiben.<\/li>\n<li><strong>Hausmeisterservice<\/strong>: Unsere Hausmeister sind Allrounder, die sich um kleine Reparaturen, regelm\u00e4\u00dfige Kontrollen und die Aufrechterhaltung des Betriebs k\u00fcmmern.<\/li>\n<\/ul>\n<\/div>\n<\/div><\/div><\/div><div id=\"panel-22-1-0-2\" class=\"so-panel widget widget_sow-editor panel-last-child\" data-index=\"4\" ><div class=\"pnmt panel-widget-style panel-widget-style-for-22-1-0-2\" ><div\n\t\t\t\n\t\t\tclass=\"so-widget-sow-editor so-widget-sow-editor-base\"\n\t\t\t\n\t\t><div class=\"siteorigin-widget-tinymce textwidget \">\n\t<h3>Werterhaltung Ihrer Immobilie<\/h3>\n<p>Mit unseren Facility Services garantieren wir Ihnen ein sorgenfreies Bewirtschaften Ihrer Immobilien. Die G\u00e4rtner G\u00e4hler GmbH steht f\u00fcr Qualit\u00e4t, Diskretion und Professionalit\u00e4t. Lassen Sie uns die Verantwortung \u00fcbernehmen, damit Sie sich auf das Wesentliche konzentrieren k\u00f6nnen \u2013 Ihr Kerngesch\u00e4ft oder Ihr privates Wohlbefinden.<\/p>\n<p>Kontaktieren Sie uns f\u00fcr ein ma\u00dfgeschneidertes Angebot und erleben Sie, wie wir die Werterhaltung und \u00c4sthetik Ihrer Immobilie sicherstellen.<\/p>\n<p><a class=\"more-btn\" href=\"\/kontakt\">Jetzt anfragen<\/a><\/p>\n<\/div>\n<\/div><\/div><\/div><\/div><\/div><\/div><\/div>","protected":false},"excerpt":{"rendered":"<p>Facility Services Der Rundum-Service von G\u00e4rtner G\u00e4hler f\u00fcr Ihr Zuhause und Unternehmen. Jetzt anfragen Facility Services von G\u00e4rtner&#8230;<\/p>\n","protected":false},"author":1,"featured_media":0,"parent":0,"menu_order":0,"comment_status":"closed","ping_status":"closed","template":"","meta":{"ngg_post_thumbnail":0,"footnotes":""},"class_list":["post-22","page","type-page","status-publish","hentry"],"_links":{"self":[{"href":"https:\/\/keen-euclid.92-205-237-139.plesk.page\/index.php\/wp-json\/wp\/v2\/pages\/22","targetHints":{"allow":["GET"]}}],"collection":[{"href":"https:\/\/keen-euclid.92-205-237-139.plesk.page\/index.php\/wp-json\/wp\/v2\/pages"}],"about":[{"href":"https:\/\/keen-euclid.92-205-237-139.plesk.page\/index.php\/wp-json\/wp\/v2\/types\/page"}],"author":[{"embeddable":true,"href":"https:\/\/keen-euclid.92-205-237-139.plesk.page\/index.php\/wp-json\/wp\/v2\/users\/1"}],"replies":[{"embeddable":true,"href":"https:\/\/keen-euclid.92-205-237-139.plesk.page\/index.php\/wp-json\/wp\/v2\/comments?post=22"}],"version-history":[{"count":6,"href":"https:\/\/keen-euclid.92-205-237-139.plesk.page\/index.php\/wp-json\/wp\/v2\/pages\/22\/revisions"}],"predecessor-version":[{"id":126,"href":"https:\/\/keen-euclid.92-205-237-139.plesk.page\/index.php\/wp-json\/wp\/v2\/pages\/22\/revisions\/126"}],"wp:attachment":[{"href":"https:\/\/keen-euclid.92-205-237-139.plesk.page\/index.php\/wp-json\/wp\/v2\/media?parent=22"}],"curies":[{"name":"wp","href":"https:\/\/api.w.org\/{rel}","templated":true}]}}