{"id":20,"date":"2026-03-22T18:05:37","date_gmt":"2026-03-22T18:05:37","guid":{"rendered":"https:\/\/keen-euclid.92-205-237-139.plesk.page\/?page_id=20"},"modified":"2026-03-23T10:08:42","modified_gmt":"2026-03-23T10:08:42","slug":"unterhaltsservice","status":"publish","type":"page","link":"https:\/\/keen-euclid.92-205-237-139.plesk.page\/index.php\/unterhaltsservice\/","title":{"rendered":"Unterhaltsservice"},"content":{"rendered":"<div id=\"pl-20\"  class=\"panel-layout\" ><div id=\"pg-20-0\"  class=\"panel-grid panel-has-style\" ><div id=\"hero\" class=\"panel-row-style panel-row-style-for-20-0\" ><div id=\"pgc-20-0-0\"  class=\"panel-grid-cell\" ><div id=\"panel-20-0-0-0\" class=\"so-panel widget widget_sow-image panel-first-child\" data-index=\"0\" ><div class=\"hero-img panel-widget-style panel-widget-style-for-20-0-0-0\" ><div\n\t\t\t\n\t\t\tclass=\"so-widget-sow-image so-widget-sow-image-default-8b5b6f678277-20\"\n\t\t\t\n\t\t>\n\n<div class=\"sow-image-container \">\n\t\t<img loading=\"lazy\" decoding=\"async\" src=\"https:\/\/keen-euclid.92-205-237-139.plesk.page\/wp-content\/uploads\/2026\/03\/unterhaltsservice.jpg\" width=\"2200\" height=\"1467\" srcset=\"https:\/\/keen-euclid.92-205-237-139.plesk.page\/wp-content\/uploads\/2026\/03\/unterhaltsservice.jpg 2200w, https:\/\/keen-euclid.92-205-237-139.plesk.page\/wp-content\/uploads\/2026\/03\/unterhaltsservice-300x200.jpg 300w, https:\/\/keen-euclid.92-205-237-139.plesk.page\/wp-content\/uploads\/2026\/03\/unterhaltsservice-1024x683.jpg 1024w, https:\/\/keen-euclid.92-205-237-139.plesk.page\/wp-content\/uploads\/2026\/03\/unterhaltsservice-768x512.jpg 768w, https:\/\/keen-euclid.92-205-237-139.plesk.page\/wp-content\/uploads\/2026\/03\/unterhaltsservice-1536x1024.jpg 1536w, https:\/\/keen-euclid.92-205-237-139.plesk.page\/wp-content\/uploads\/2026\/03\/unterhaltsservice-2048x1366.jpg 2048w, https:\/\/keen-euclid.92-205-237-139.plesk.page\/wp-content\/uploads\/2026\/03\/unterhaltsservice-272x182.jpg 272w\" sizes=\"auto, (max-width: 2200px) 100vw, 2200px\" alt=\"\" \t\tclass=\"so-widget-image\"\/>\n\t<\/div>\n\n<\/div><\/div><\/div><div id=\"panel-20-0-0-1\" class=\"so-panel widget widget_sow-editor panel-last-child\" data-index=\"1\" ><div id=\"herotext\" class=\"panel-widget-style panel-widget-style-for-20-0-0-1\" ><div\n\t\t\t\n\t\t\tclass=\"so-widget-sow-editor so-widget-sow-editor-base\"\n\t\t\t\n\t\t><div class=\"siteorigin-widget-tinymce textwidget \">\n\t<h1 data-start=\"245\" data-end=\"360\">Unterhaltsservice<\/h1>\n<p data-start=\"245\" data-end=\"360\">Bei G\u00e4rtner G\u00e4hler ist Ihr Garten immer in besten H\u00e4nden.<\/p>\n<p data-start=\"245\" data-end=\"360\"><a class=\"more-btn\" href=\"\/kontakt\">Jetzt anfragen<\/a><\/p>\n<\/div>\n<\/div><\/div><\/div><\/div><\/div><\/div><div id=\"pg-20-1\"  class=\"panel-grid panel-has-style\" ><div class=\"content-section content-section-s panel-row-style panel-row-style-for-20-1\" ><div id=\"pgc-20-1-0\"  class=\"panel-grid-cell\" ><div id=\"panel-20-1-0-0\" class=\"so-panel widget widget_sow-editor panel-first-child\" data-index=\"2\" ><div\n\t\t\t\n\t\t\tclass=\"so-widget-sow-editor so-widget-sow-editor-base\"\n\t\t\t\n\t\t><div class=\"siteorigin-widget-tinymce textwidget \">\n\t<h2>Unterhaltsservice von<br \/>\nG\u00e4rtner G\u00e4hler GmbH<\/h2>\n<p>Ein gepflegter Garten ist eine Quelle der Freude und Entspannung. Doch er ben\u00f6tigt regelm\u00e4\u00dfige Zuwendung und Fachwissen, um in vollem Glanz zu erstrahlen. Genau hier setzt der Unterhaltsservice der G\u00e4rtner G\u00e4hler GmbH an \u2013 Ihr Rundum-sorglos-Paket f\u00fcr einen stets einladenden und lebendigen Garten.<\/p>\n<\/div>\n<\/div><\/div><div id=\"panel-20-1-0-1\" class=\"so-panel widget widget_sow-editor\" data-index=\"3\" ><div id=\"list-distance\" class=\"panel-widget-style panel-widget-style-for-20-1-0-1\" ><div\n\t\t\t\n\t\t\tclass=\"so-widget-sow-editor so-widget-sow-editor-base\"\n\t\t\t\n\t\t><div class=\"siteorigin-widget-tinymce textwidget \">\n\t<h3>Unser Service beinhaltet<\/h3>\n<ul class=\"wp-block-list\">\n<li><strong>Plattenreinigung<\/strong>: Beseitigung von Moos, Algen und Schmutz auf Wegen und Terrassen, damit Ihre Anlagen sauber und rutschfrei sind.<\/li>\n<li><strong>Mauerwerkspflege<\/strong>: Erhaltung und Schutz Ihrer Mauern, damit diese stabil und \u00e4sthetisch bleiben.<\/li>\n<li><strong>Rasen- und Pflanzenpflege<\/strong>: Vom Schnitt bis zur N\u00e4hrstoffversorgung k\u00fcmmern wir uns um das Herzst\u00fcck Ihres Gartens.<\/li>\n<li><strong>Baumschnitt und Heckengestaltung<\/strong>: Wir formen und f\u00f6rdern das gesunde Wachstum Ihrer Geh\u00f6lze und Hecken.<\/li>\n<li><strong>Unkrautkontrolle und saisonale Bepflanzung<\/strong>: Ihr Beet bleibt attraktiv und gepflegt durch unsere professionelle Hand.<\/li>\n<li><strong>Laubbeseitigung<\/strong>: Wir r\u00e4umen den Herbstabfall weg, damit Ihr Garten ordentlich bleibt.<\/li>\n<li><strong>Bew\u00e4sserungssysteme<\/strong>: Planung, Einbau und Instandhaltung \u2013 f\u00fcr eine stets optimale Wasserzufuhr.<\/li>\n<\/ul>\n<\/div>\n<\/div><\/div><\/div><div id=\"panel-20-1-0-2\" class=\"so-panel widget widget_sow-editor panel-last-child\" data-index=\"4\" ><div class=\"pnmt panel-widget-style panel-widget-style-for-20-1-0-2\" ><div\n\t\t\t\n\t\t\tclass=\"so-widget-sow-editor so-widget-sow-editor-base\"\n\t\t\t\n\t\t><div class=\"siteorigin-widget-tinymce textwidget \">\n\t<h3>Partnerschaft mit High-Tech Clean:<br \/>\nSauberkeit auf h\u00f6chstem Niveau<\/h3>\n<p>F\u00fcr die perfekte Sauberkeit Ihrer Gartenplatten und Mauern arbeiten wir mit <a href=\"https:\/\/high-tech-clean.ch\/\" data-type=\"link\" data-id=\"https:\/\/high-tech-clean.ch\/\">High-Tech Clean<\/a> zusammen, den Experten f\u00fcr gr\u00fcndliche und schonende Reinigungsarbeiten. Mit modernster Technik und umweltfreundlichen Verfahren entfernt High-Tech Clean selbst hartn\u00e4ckigsten Schmutz, Moos und Algenbewuchs. Diese Partnerschaft erm\u00f6glicht es uns, Ihnen einen ganzheitlichen Gartenunterhalt zu bieten, bei dem nicht nur die Pflanzenpflege, sondern auch die Sauberkeit Ihrer Gartenwege, Terrassen und Mauern h\u00f6chsten Standards entspricht. Verlassen Sie sich auf die Profis von High-Tech Clean f\u00fcr ein rundum gepflegtes Gartenambiente, das Sie zu jeder Jahreszeit genie\u00dfen k\u00f6nnen.<\/p>\n<\/div>\n<\/div><\/div><\/div><\/div><\/div><\/div><div id=\"pg-20-2\"  class=\"panel-grid panel-has-style\" ><div id=\"argal\" class=\"panel-row-style panel-row-style-for-20-2\" ><div id=\"pgc-20-2-0\"  class=\"panel-grid-cell\" ><div id=\"panel-20-2-0-0\" class=\"so-panel widget widget_siteorigin-panels-builder panel-first-child panel-last-child\" data-index=\"5\" ><div id=\"pl-w69c10d4853035\"  class=\"panel-layout\" ><div id=\"pg-w69c10d4853035-0\"  class=\"panel-grid panel-no-style\" ><div id=\"pgc-w69c10d4853035-0-0\"  class=\"panel-grid-cell\" ><div id=\"panel-w69c10d4853035-0-0-0\" class=\"so-panel widget widget_sow-image panel-first-child panel-last-child\" data-index=\"0\" ><div\n\t\t\t\n\t\t\tclass=\"so-widget-sow-image so-widget-sow-image-default-8b5b6f678277\"\n\t\t\t\n\t\t>\n\n<div class=\"sow-image-container \">\n\t\t<img loading=\"lazy\" decoding=\"async\" src=\"https:\/\/keen-euclid.92-205-237-139.plesk.page\/wp-content\/uploads\/2026\/03\/PS6_6548-2048x1365-1.jpeg\" width=\"2048\" height=\"1365\" srcset=\"https:\/\/keen-euclid.92-205-237-139.plesk.page\/wp-content\/uploads\/2026\/03\/PS6_6548-2048x1365-1.jpeg 2048w, https:\/\/keen-euclid.92-205-237-139.plesk.page\/wp-content\/uploads\/2026\/03\/PS6_6548-2048x1365-1-300x200.jpeg 300w, https:\/\/keen-euclid.92-205-237-139.plesk.page\/wp-content\/uploads\/2026\/03\/PS6_6548-2048x1365-1-1024x683.jpeg 1024w, https:\/\/keen-euclid.92-205-237-139.plesk.page\/wp-content\/uploads\/2026\/03\/PS6_6548-2048x1365-1-768x512.jpeg 768w, https:\/\/keen-euclid.92-205-237-139.plesk.page\/wp-content\/uploads\/2026\/03\/PS6_6548-2048x1365-1-1536x1024.jpeg 1536w, https:\/\/keen-euclid.92-205-237-139.plesk.page\/wp-content\/uploads\/2026\/03\/PS6_6548-2048x1365-1-272x182.jpeg 272w\" sizes=\"auto, (max-width: 2048px) 100vw, 2048px\" title=\"PS6_6548-2048&#215;1365\" alt=\"\" \t\tclass=\"so-widget-image\"\/>\n\t<\/div>\n\n<\/div><\/div><\/div><div id=\"pgc-w69c10d4853035-0-1\"  class=\"panel-grid-cell\" ><div id=\"panel-w69c10d4853035-0-1-0\" class=\"so-panel widget widget_sow-image panel-first-child panel-last-child\" data-index=\"1\" ><div\n\t\t\t\n\t\t\tclass=\"so-widget-sow-image so-widget-sow-image-default-8b5b6f678277\"\n\t\t\t\n\t\t>\n\n<div class=\"sow-image-container \">\n\t\t<img loading=\"lazy\" decoding=\"async\" src=\"https:\/\/keen-euclid.92-205-237-139.plesk.page\/wp-content\/uploads\/2026\/03\/PS6_6567-2048x1365-1.jpeg\" width=\"2048\" height=\"1365\" srcset=\"https:\/\/keen-euclid.92-205-237-139.plesk.page\/wp-content\/uploads\/2026\/03\/PS6_6567-2048x1365-1.jpeg 2048w, https:\/\/keen-euclid.92-205-237-139.plesk.page\/wp-content\/uploads\/2026\/03\/PS6_6567-2048x1365-1-300x200.jpeg 300w, https:\/\/keen-euclid.92-205-237-139.plesk.page\/wp-content\/uploads\/2026\/03\/PS6_6567-2048x1365-1-1024x683.jpeg 1024w, https:\/\/keen-euclid.92-205-237-139.plesk.page\/wp-content\/uploads\/2026\/03\/PS6_6567-2048x1365-1-768x512.jpeg 768w, https:\/\/keen-euclid.92-205-237-139.plesk.page\/wp-content\/uploads\/2026\/03\/PS6_6567-2048x1365-1-1536x1024.jpeg 1536w, https:\/\/keen-euclid.92-205-237-139.plesk.page\/wp-content\/uploads\/2026\/03\/PS6_6567-2048x1365-1-272x182.jpeg 272w\" sizes=\"auto, (max-width: 2048px) 100vw, 2048px\" title=\"PS6_6567-2048&#215;1365\" alt=\"\" \t\tclass=\"so-widget-image\"\/>\n\t<\/div>\n\n<\/div><\/div><\/div><div id=\"pgc-w69c10d4853035-0-2\"  class=\"panel-grid-cell\" ><div id=\"panel-w69c10d4853035-0-2-0\" class=\"so-panel widget widget_sow-image panel-first-child panel-last-child\" data-index=\"2\" ><div\n\t\t\t\n\t\t\tclass=\"so-widget-sow-image so-widget-sow-image-default-8b5b6f678277\"\n\t\t\t\n\t\t>\n\n<div class=\"sow-image-container \">\n\t\t<img loading=\"lazy\" decoding=\"async\" src=\"https:\/\/keen-euclid.92-205-237-139.plesk.page\/wp-content\/uploads\/2026\/03\/PS6_6665-2048x1365-1.jpeg\" width=\"2048\" height=\"1365\" srcset=\"https:\/\/keen-euclid.92-205-237-139.plesk.page\/wp-content\/uploads\/2026\/03\/PS6_6665-2048x1365-1.jpeg 2048w, https:\/\/keen-euclid.92-205-237-139.plesk.page\/wp-content\/uploads\/2026\/03\/PS6_6665-2048x1365-1-300x200.jpeg 300w, https:\/\/keen-euclid.92-205-237-139.plesk.page\/wp-content\/uploads\/2026\/03\/PS6_6665-2048x1365-1-1024x683.jpeg 1024w, https:\/\/keen-euclid.92-205-237-139.plesk.page\/wp-content\/uploads\/2026\/03\/PS6_6665-2048x1365-1-768x512.jpeg 768w, https:\/\/keen-euclid.92-205-237-139.plesk.page\/wp-content\/uploads\/2026\/03\/PS6_6665-2048x1365-1-1536x1024.jpeg 1536w, https:\/\/keen-euclid.92-205-237-139.plesk.page\/wp-content\/uploads\/2026\/03\/PS6_6665-2048x1365-1-272x182.jpeg 272w\" sizes=\"auto, (max-width: 2048px) 100vw, 2048px\" title=\"PS6_6665-2048&#215;1365\" alt=\"\" \t\tclass=\"so-widget-image\"\/>\n\t<\/div>\n\n<\/div><\/div><\/div><\/div><div id=\"pg-w69c10d4853035-1\"  class=\"panel-grid panel-no-style\" ><div id=\"pgc-w69c10d4853035-1-0\"  class=\"panel-grid-cell\" ><div id=\"panel-w69c10d4853035-1-0-0\" class=\"so-panel widget widget_sow-image panel-first-child panel-last-child\" data-index=\"3\" ><div\n\t\t\t\n\t\t\tclass=\"so-widget-sow-image so-widget-sow-image-default-8b5b6f678277\"\n\t\t\t\n\t\t>\n\n<div class=\"sow-image-container \">\n\t\t<img loading=\"lazy\" decoding=\"async\" src=\"https:\/\/keen-euclid.92-205-237-139.plesk.page\/wp-content\/uploads\/2026\/03\/PS6_6711-2048x1365-1.jpeg\" width=\"2048\" height=\"1365\" srcset=\"https:\/\/keen-euclid.92-205-237-139.plesk.page\/wp-content\/uploads\/2026\/03\/PS6_6711-2048x1365-1.jpeg 2048w, https:\/\/keen-euclid.92-205-237-139.plesk.page\/wp-content\/uploads\/2026\/03\/PS6_6711-2048x1365-1-300x200.jpeg 300w, https:\/\/keen-euclid.92-205-237-139.plesk.page\/wp-content\/uploads\/2026\/03\/PS6_6711-2048x1365-1-1024x683.jpeg 1024w, https:\/\/keen-euclid.92-205-237-139.plesk.page\/wp-content\/uploads\/2026\/03\/PS6_6711-2048x1365-1-768x512.jpeg 768w, https:\/\/keen-euclid.92-205-237-139.plesk.page\/wp-content\/uploads\/2026\/03\/PS6_6711-2048x1365-1-1536x1024.jpeg 1536w, https:\/\/keen-euclid.92-205-237-139.plesk.page\/wp-content\/uploads\/2026\/03\/PS6_6711-2048x1365-1-272x182.jpeg 272w\" sizes=\"auto, (max-width: 2048px) 100vw, 2048px\" title=\"PS6_6711-2048&#215;1365\" alt=\"\" \t\tclass=\"so-widget-image\"\/>\n\t<\/div>\n\n<\/div><\/div><\/div><div id=\"pgc-w69c10d4853035-1-1\"  class=\"panel-grid-cell\" ><div id=\"panel-w69c10d4853035-1-1-0\" class=\"so-panel widget widget_sow-image panel-first-child panel-last-child\" data-index=\"4\" ><div\n\t\t\t\n\t\t\tclass=\"so-widget-sow-image so-widget-sow-image-default-8b5b6f678277\"\n\t\t\t\n\t\t>\n\n<div class=\"sow-image-container \">\n\t\t<img loading=\"lazy\" decoding=\"async\" src=\"https:\/\/keen-euclid.92-205-237-139.plesk.page\/wp-content\/uploads\/2026\/03\/PS6_6716-2048x1365-1.jpeg\" width=\"2048\" height=\"1365\" srcset=\"https:\/\/keen-euclid.92-205-237-139.plesk.page\/wp-content\/uploads\/2026\/03\/PS6_6716-2048x1365-1.jpeg 2048w, https:\/\/keen-euclid.92-205-237-139.plesk.page\/wp-content\/uploads\/2026\/03\/PS6_6716-2048x1365-1-300x200.jpeg 300w, https:\/\/keen-euclid.92-205-237-139.plesk.page\/wp-content\/uploads\/2026\/03\/PS6_6716-2048x1365-1-1024x683.jpeg 1024w, https:\/\/keen-euclid.92-205-237-139.plesk.page\/wp-content\/uploads\/2026\/03\/PS6_6716-2048x1365-1-768x512.jpeg 768w, https:\/\/keen-euclid.92-205-237-139.plesk.page\/wp-content\/uploads\/2026\/03\/PS6_6716-2048x1365-1-1536x1024.jpeg 1536w, https:\/\/keen-euclid.92-205-237-139.plesk.page\/wp-content\/uploads\/2026\/03\/PS6_6716-2048x1365-1-272x182.jpeg 272w\" sizes=\"auto, (max-width: 2048px) 100vw, 2048px\" title=\"PS6_6716-2048&#215;1365\" alt=\"\" \t\tclass=\"so-widget-image\"\/>\n\t<\/div>\n\n<\/div><\/div><\/div><\/div><\/div><\/div><\/div><\/div><\/div><\/div>","protected":false},"excerpt":{"rendered":"<p>Unterhaltsservice Bei G\u00e4rtner G\u00e4hler ist Ihr Garten immer in besten H\u00e4nden. Jetzt anfragen Unterhaltsservice von G\u00e4rtner G\u00e4hler GmbH&#8230;<\/p>\n","protected":false},"author":1,"featured_media":0,"parent":0,"menu_order":0,"comment_status":"closed","ping_status":"closed","template":"","meta":{"ngg_post_thumbnail":0,"footnotes":""},"class_list":["post-20","page","type-page","status-publish","hentry"],"_links":{"self":[{"href":"https:\/\/keen-euclid.92-205-237-139.plesk.page\/index.php\/wp-json\/wp\/v2\/pages\/20","targetHints":{"allow":["GET"]}}],"collection":[{"href":"https:\/\/keen-euclid.92-205-237-139.plesk.page\/index.php\/wp-json\/wp\/v2\/pages"}],"about":[{"href":"https:\/\/keen-euclid.92-205-237-139.plesk.page\/index.php\/wp-json\/wp\/v2\/types\/page"}],"author":[{"embeddable":true,"href":"https:\/\/keen-euclid.92-205-237-139.plesk.page\/index.php\/wp-json\/wp\/v2\/users\/1"}],"replies":[{"embeddable":true,"href":"https:\/\/keen-euclid.92-205-237-139.plesk.page\/index.php\/wp-json\/wp\/v2\/comments?post=20"}],"version-history":[{"count":18,"href":"https:\/\/keen-euclid.92-205-237-139.plesk.page\/index.php\/wp-json\/wp\/v2\/pages\/20\/revisions"}],"predecessor-version":[{"id":117,"href":"https:\/\/keen-euclid.92-205-237-139.plesk.page\/index.php\/wp-json\/wp\/v2\/pages\/20\/revisions\/117"}],"wp:attachment":[{"href":"https:\/\/keen-euclid.92-205-237-139.plesk.page\/index.php\/wp-json\/wp\/v2\/media?parent=20"}],"curies":[{"name":"wp","href":"https:\/\/api.w.org\/{rel}","templated":true}]}}