{"id":18,"date":"2026-03-22T18:05:16","date_gmt":"2026-03-22T18:05:16","guid":{"rendered":"https:\/\/keen-euclid.92-205-237-139.plesk.page\/?page_id=18"},"modified":"2026-03-23T10:11:02","modified_gmt":"2026-03-23T10:11:02","slug":"gartenbau","status":"publish","type":"page","link":"https:\/\/keen-euclid.92-205-237-139.plesk.page\/index.php\/gartenbau\/","title":{"rendered":"Gartenbau"},"content":{"rendered":"<div id=\"pl-18\"  class=\"panel-layout\" ><div id=\"pg-18-0\"  class=\"panel-grid panel-has-style\" ><div id=\"hero\" class=\"panel-row-style panel-row-style-for-18-0\" ><div id=\"pgc-18-0-0\"  class=\"panel-grid-cell\" ><div id=\"panel-18-0-0-0\" class=\"so-panel widget widget_sow-image panel-first-child\" data-index=\"0\" ><div class=\"hero-img panel-widget-style panel-widget-style-for-18-0-0-0\" ><div\n\t\t\t\n\t\t\tclass=\"so-widget-sow-image so-widget-sow-image-default-8b5b6f678277-18\"\n\t\t\t\n\t\t>\n\n<div class=\"sow-image-container \">\n\t\t<img loading=\"lazy\" decoding=\"async\" src=\"https:\/\/keen-euclid.92-205-237-139.plesk.page\/wp-content\/uploads\/2026\/03\/gartenbau.jpg\" width=\"2200\" height=\"1467\" srcset=\"https:\/\/keen-euclid.92-205-237-139.plesk.page\/wp-content\/uploads\/2026\/03\/gartenbau.jpg 2200w, https:\/\/keen-euclid.92-205-237-139.plesk.page\/wp-content\/uploads\/2026\/03\/gartenbau-300x200.jpg 300w, https:\/\/keen-euclid.92-205-237-139.plesk.page\/wp-content\/uploads\/2026\/03\/gartenbau-1024x683.jpg 1024w, https:\/\/keen-euclid.92-205-237-139.plesk.page\/wp-content\/uploads\/2026\/03\/gartenbau-768x512.jpg 768w, https:\/\/keen-euclid.92-205-237-139.plesk.page\/wp-content\/uploads\/2026\/03\/gartenbau-1536x1024.jpg 1536w, https:\/\/keen-euclid.92-205-237-139.plesk.page\/wp-content\/uploads\/2026\/03\/gartenbau-2048x1366.jpg 2048w, https:\/\/keen-euclid.92-205-237-139.plesk.page\/wp-content\/uploads\/2026\/03\/gartenbau-272x182.jpg 272w\" sizes=\"auto, (max-width: 2200px) 100vw, 2200px\" alt=\"\" \t\tclass=\"so-widget-image\"\/>\n\t<\/div>\n\n<\/div><\/div><\/div><div id=\"panel-18-0-0-1\" class=\"so-panel widget widget_sow-editor panel-last-child\" data-index=\"1\" ><div id=\"herotext\" class=\"panel-widget-style panel-widget-style-for-18-0-0-1\" ><div\n\t\t\t\n\t\t\tclass=\"so-widget-sow-editor so-widget-sow-editor-base\"\n\t\t\t\n\t\t><div class=\"siteorigin-widget-tinymce textwidget \">\n\t<h1 data-start=\"245\" data-end=\"360\">Gartenbau<\/h1>\n<p data-start=\"245\" data-end=\"360\">Gartenbau mit Leidenschaft \u2013 Ihr Traumgarten von G\u00e4rtner G\u00e4hler GmbH.<\/p>\n<p data-start=\"245\" data-end=\"360\"><a class=\"more-btn\" href=\"\/kontakt\">Jetzt anfragen<\/a><\/p>\n<\/div>\n<\/div><\/div><\/div><\/div><\/div><\/div><div id=\"pg-18-1\"  class=\"panel-grid panel-has-style\" ><div class=\"content-section content-section-s panel-row-style panel-row-style-for-18-1\" ><div id=\"pgc-18-1-0\"  class=\"panel-grid-cell\" ><div id=\"panel-18-1-0-0\" class=\"so-panel widget widget_sow-editor panel-first-child\" data-index=\"2\" ><div\n\t\t\t\n\t\t\tclass=\"so-widget-sow-editor so-widget-sow-editor-base\"\n\t\t\t\n\t\t><div class=\"siteorigin-widget-tinymce textwidget \">\n\t<h2>Gartenbau von<br \/>\nG\u00e4rtner G\u00e4hler GmbH<\/h2>\n<p>Gartenbau ist f\u00fcr uns bei G\u00e4rtner G\u00e4hler GmbH mehr als nur ein Handwerk, es ist eine Leidenschaft. Jeder Garten, den wir anlegen, ist eine neue B\u00fchne, auf der wir Ihre pers\u00f6nliche Vision von Natur und \u00c4sthetik zum Leben erwecken. Wir gestalten gr\u00fcne R\u00e4ume, die nicht nur bezaubern, sondern auch ein nachhaltiges, bl\u00fchendes \u00d6kosystem darstellen.<\/p>\n<\/div>\n<\/div><\/div><div id=\"panel-18-1-0-1\" class=\"so-panel widget widget_sow-editor\" data-index=\"3\" ><div id=\"list-distance\" class=\"panel-widget-style panel-widget-style-for-18-1-0-1\" ><div\n\t\t\t\n\t\t\tclass=\"so-widget-sow-editor so-widget-sow-editor-base\"\n\t\t\t\n\t\t><div class=\"siteorigin-widget-tinymce textwidget \">\n\t<h3>Unser Service beinhaltet<\/h3>\n<ul class=\"wp-block-list\">\n<li><strong>Gartendesign<\/strong>: Ma\u00dfgeschneiderte Planung und Ausf\u00fchrung, um Ihre Tr\u00e4ume von einem perfekten Garten wahr werden zu lassen.<\/li>\n<li><strong>Boden und Bepflanzung<\/strong>: Professionelle Bodenbearbeitung und sorgf\u00e4ltig ausgew\u00e4hlte Bepflanzungen sorgen f\u00fcr ein gesundes Pflanzenleben.<\/li>\n<li><strong>Wege und Pl\u00e4tze<\/strong>: Wir legen stilvolle Wege und Pl\u00e4tze an, die Ihre Gartenlandschaft funktional bereichern und \u00e4sthetisch erg\u00e4nzen.<\/li>\n<li><strong>Wasserelemente<\/strong>: Die Integration von Wasserspielen, Teichen oder Brunnen, die Ruhe und Dynamik in Ihren Garten bringen.<\/li>\n<li><strong>Mauern und Z\u00e4une<\/strong>: Strukturen, die Schutz bieten und gleichzeitig als dekorative Elemente Ihren Garten bereichern.<\/li>\n<li><strong>Terrassenbau<\/strong>: Wir erweitern Ihren Wohnraum nach drau\u00dfen und schaffen Terrassen, die zum Verweilen einladen.<\/li>\n<li><strong>Treppenbau im Garten<\/strong>: Treppen verbinden, \u00fcberwinden H\u00f6henunterschiede und sind ein wichtiges Gestaltungselement. Wir konstruieren Treppenanlagen, die Sicherheit bieten, sich harmonisch in die Umgebung einf\u00fcgen und praktische Eleganz ausstrahlen.<\/li>\n<\/ul>\n<\/div>\n<\/div><\/div><\/div><div id=\"panel-18-1-0-2\" class=\"so-panel widget widget_sow-editor panel-last-child\" data-index=\"4\" ><div class=\"pnmt panel-widget-style panel-widget-style-for-18-1-0-2\" ><div\n\t\t\t\n\t\t\tclass=\"so-widget-sow-editor so-widget-sow-editor-base\"\n\t\t\t\n\t\t><div class=\"siteorigin-widget-tinymce textwidget \">\n\t<h3>Nachhaltige, kreative Gartenl\u00f6sungen<\/h3>\n<p>Jeder Garten ist ein Spiegelbild seiner Besitzer \u2013 einzigartig und voller Leben. Die G\u00e4rtner G\u00e4hler GmbH steht f\u00fcr Qualit\u00e4t, Nachhaltigkeit und kreative Gartenl\u00f6sungen. Kontaktieren Sie uns f\u00fcr eine Beratung, und zusammen lassen wir Ihren Garten in Bassersdorf und dar\u00fcber hinaus erstrahlen.<\/p>\n<p><a class=\"more-btn\" href=\"\/kontakt\">Jetzt anfragen<\/a><\/p>\n<\/div>\n<\/div><\/div><\/div><\/div><\/div><\/div><div id=\"pg-18-2\"  class=\"panel-grid panel-has-style\" ><div id=\"argal\" class=\"panel-row-style panel-row-style-for-18-2\" ><div id=\"pgc-18-2-0\"  class=\"panel-grid-cell\" ><div id=\"panel-18-2-0-0\" class=\"so-panel widget widget_siteorigin-panels-builder panel-first-child panel-last-child\" data-index=\"5\" ><div id=\"pl-w69c111b6cedef\"  class=\"panel-layout\" ><div id=\"pg-w69c111b6cedef-0\"  class=\"panel-grid panel-no-style\" ><div id=\"pgc-w69c111b6cedef-0-0\"  class=\"panel-grid-cell\" ><div id=\"panel-w69c111b6cedef-0-0-0\" class=\"so-panel widget widget_sow-image panel-first-child panel-last-child\" data-index=\"0\" ><div class=\"fittop panel-widget-style panel-widget-style-for-w69c111b6cedef-0-0-0\" ><div\n\t\t\t\n\t\t\tclass=\"so-widget-sow-image so-widget-sow-image-default-8b5b6f678277\"\n\t\t\t\n\t\t>\n\n<div class=\"sow-image-container \">\n\t\t<img loading=\"lazy\" decoding=\"async\" src=\"https:\/\/keen-euclid.92-205-237-139.plesk.page\/wp-content\/uploads\/2026\/03\/PS6_6843-scaled-1.jpeg\" width=\"1707\" height=\"2560\" srcset=\"https:\/\/keen-euclid.92-205-237-139.plesk.page\/wp-content\/uploads\/2026\/03\/PS6_6843-scaled-1.jpeg 1707w, https:\/\/keen-euclid.92-205-237-139.plesk.page\/wp-content\/uploads\/2026\/03\/PS6_6843-scaled-1-200x300.jpeg 200w, https:\/\/keen-euclid.92-205-237-139.plesk.page\/wp-content\/uploads\/2026\/03\/PS6_6843-scaled-1-683x1024.jpeg 683w, https:\/\/keen-euclid.92-205-237-139.plesk.page\/wp-content\/uploads\/2026\/03\/PS6_6843-scaled-1-768x1152.jpeg 768w, https:\/\/keen-euclid.92-205-237-139.plesk.page\/wp-content\/uploads\/2026\/03\/PS6_6843-scaled-1-1024x1536.jpeg 1024w, https:\/\/keen-euclid.92-205-237-139.plesk.page\/wp-content\/uploads\/2026\/03\/PS6_6843-scaled-1-1366x2048.jpeg 1366w\" sizes=\"auto, (max-width: 1707px) 100vw, 1707px\" title=\"PS6_6843-scaled\" alt=\"\" \t\tclass=\"so-widget-image\"\/>\n\t<\/div>\n\n<\/div><\/div><\/div><\/div><div id=\"pgc-w69c111b6cedef-0-1\"  class=\"panel-grid-cell\" ><div id=\"panel-w69c111b6cedef-0-1-0\" class=\"so-panel widget widget_sow-image panel-first-child panel-last-child\" data-index=\"1\" ><div\n\t\t\t\n\t\t\tclass=\"so-widget-sow-image so-widget-sow-image-default-8b5b6f678277\"\n\t\t\t\n\t\t>\n\n<div class=\"sow-image-container \">\n\t\t<img loading=\"lazy\" decoding=\"async\" src=\"https:\/\/keen-euclid.92-205-237-139.plesk.page\/wp-content\/uploads\/2026\/03\/PS6_6841-2048x1365-1.jpeg\" width=\"2048\" height=\"1365\" srcset=\"https:\/\/keen-euclid.92-205-237-139.plesk.page\/wp-content\/uploads\/2026\/03\/PS6_6841-2048x1365-1.jpeg 2048w, https:\/\/keen-euclid.92-205-237-139.plesk.page\/wp-content\/uploads\/2026\/03\/PS6_6841-2048x1365-1-300x200.jpeg 300w, https:\/\/keen-euclid.92-205-237-139.plesk.page\/wp-content\/uploads\/2026\/03\/PS6_6841-2048x1365-1-1024x683.jpeg 1024w, https:\/\/keen-euclid.92-205-237-139.plesk.page\/wp-content\/uploads\/2026\/03\/PS6_6841-2048x1365-1-768x512.jpeg 768w, https:\/\/keen-euclid.92-205-237-139.plesk.page\/wp-content\/uploads\/2026\/03\/PS6_6841-2048x1365-1-1536x1024.jpeg 1536w, https:\/\/keen-euclid.92-205-237-139.plesk.page\/wp-content\/uploads\/2026\/03\/PS6_6841-2048x1365-1-272x182.jpeg 272w\" sizes=\"auto, (max-width: 2048px) 100vw, 2048px\" title=\"PS6_6841-2048&#215;1365\" alt=\"\" \t\tclass=\"so-widget-image\"\/>\n\t<\/div>\n\n<\/div><\/div><\/div><div id=\"pgc-w69c111b6cedef-0-2\"  class=\"panel-grid-cell\" ><div id=\"panel-w69c111b6cedef-0-2-0\" class=\"so-panel widget widget_sow-image panel-first-child panel-last-child\" data-index=\"2\" ><div\n\t\t\t\n\t\t\tclass=\"so-widget-sow-image so-widget-sow-image-default-8b5b6f678277\"\n\t\t\t\n\t\t>\n\n<div class=\"sow-image-container \">\n\t\t<img loading=\"lazy\" decoding=\"async\" src=\"https:\/\/keen-euclid.92-205-237-139.plesk.page\/wp-content\/uploads\/2026\/03\/PS6_6854-2048x1365-1.jpeg\" width=\"2048\" height=\"1365\" srcset=\"https:\/\/keen-euclid.92-205-237-139.plesk.page\/wp-content\/uploads\/2026\/03\/PS6_6854-2048x1365-1.jpeg 2048w, https:\/\/keen-euclid.92-205-237-139.plesk.page\/wp-content\/uploads\/2026\/03\/PS6_6854-2048x1365-1-300x200.jpeg 300w, https:\/\/keen-euclid.92-205-237-139.plesk.page\/wp-content\/uploads\/2026\/03\/PS6_6854-2048x1365-1-1024x683.jpeg 1024w, https:\/\/keen-euclid.92-205-237-139.plesk.page\/wp-content\/uploads\/2026\/03\/PS6_6854-2048x1365-1-768x512.jpeg 768w, https:\/\/keen-euclid.92-205-237-139.plesk.page\/wp-content\/uploads\/2026\/03\/PS6_6854-2048x1365-1-1536x1024.jpeg 1536w, https:\/\/keen-euclid.92-205-237-139.plesk.page\/wp-content\/uploads\/2026\/03\/PS6_6854-2048x1365-1-272x182.jpeg 272w\" sizes=\"auto, (max-width: 2048px) 100vw, 2048px\" title=\"PS6_6854-2048&#215;1365\" alt=\"\" \t\tclass=\"so-widget-image\"\/>\n\t<\/div>\n\n<\/div><\/div><\/div><\/div><div id=\"pg-w69c111b6cedef-1\"  class=\"panel-grid panel-no-style\" ><div id=\"pgc-w69c111b6cedef-1-0\"  class=\"panel-grid-cell\" ><div id=\"panel-w69c111b6cedef-1-0-0\" class=\"so-panel widget widget_sow-image panel-first-child panel-last-child\" data-index=\"3\" ><div\n\t\t\t\n\t\t\tclass=\"so-widget-sow-image so-widget-sow-image-default-8b5b6f678277\"\n\t\t\t\n\t\t>\n\n<div class=\"sow-image-container \">\n\t\t<img loading=\"lazy\" decoding=\"async\" src=\"https:\/\/keen-euclid.92-205-237-139.plesk.page\/wp-content\/uploads\/2026\/03\/PS6_6867-2048x1365-1.jpeg\" width=\"2048\" height=\"1365\" srcset=\"https:\/\/keen-euclid.92-205-237-139.plesk.page\/wp-content\/uploads\/2026\/03\/PS6_6867-2048x1365-1.jpeg 2048w, https:\/\/keen-euclid.92-205-237-139.plesk.page\/wp-content\/uploads\/2026\/03\/PS6_6867-2048x1365-1-300x200.jpeg 300w, https:\/\/keen-euclid.92-205-237-139.plesk.page\/wp-content\/uploads\/2026\/03\/PS6_6867-2048x1365-1-1024x683.jpeg 1024w, https:\/\/keen-euclid.92-205-237-139.plesk.page\/wp-content\/uploads\/2026\/03\/PS6_6867-2048x1365-1-768x512.jpeg 768w, https:\/\/keen-euclid.92-205-237-139.plesk.page\/wp-content\/uploads\/2026\/03\/PS6_6867-2048x1365-1-1536x1024.jpeg 1536w, https:\/\/keen-euclid.92-205-237-139.plesk.page\/wp-content\/uploads\/2026\/03\/PS6_6867-2048x1365-1-272x182.jpeg 272w\" sizes=\"auto, (max-width: 2048px) 100vw, 2048px\" title=\"PS6_6867-2048&#215;1365\" alt=\"\" \t\tclass=\"so-widget-image\"\/>\n\t<\/div>\n\n<\/div><\/div><\/div><div id=\"pgc-w69c111b6cedef-1-1\"  class=\"panel-grid-cell\" ><div id=\"panel-w69c111b6cedef-1-1-0\" class=\"so-panel widget widget_sow-image panel-first-child panel-last-child\" data-index=\"4\" ><div\n\t\t\t\n\t\t\tclass=\"so-widget-sow-image so-widget-sow-image-default-8b5b6f678277\"\n\t\t\t\n\t\t>\n\n<div class=\"sow-image-container \">\n\t\t<img loading=\"lazy\" decoding=\"async\" src=\"https:\/\/keen-euclid.92-205-237-139.plesk.page\/wp-content\/uploads\/2026\/03\/PS6_6863-2048x1365-1.jpeg\" width=\"2048\" height=\"1365\" srcset=\"https:\/\/keen-euclid.92-205-237-139.plesk.page\/wp-content\/uploads\/2026\/03\/PS6_6863-2048x1365-1.jpeg 2048w, https:\/\/keen-euclid.92-205-237-139.plesk.page\/wp-content\/uploads\/2026\/03\/PS6_6863-2048x1365-1-300x200.jpeg 300w, https:\/\/keen-euclid.92-205-237-139.plesk.page\/wp-content\/uploads\/2026\/03\/PS6_6863-2048x1365-1-1024x683.jpeg 1024w, https:\/\/keen-euclid.92-205-237-139.plesk.page\/wp-content\/uploads\/2026\/03\/PS6_6863-2048x1365-1-768x512.jpeg 768w, https:\/\/keen-euclid.92-205-237-139.plesk.page\/wp-content\/uploads\/2026\/03\/PS6_6863-2048x1365-1-1536x1024.jpeg 1536w, https:\/\/keen-euclid.92-205-237-139.plesk.page\/wp-content\/uploads\/2026\/03\/PS6_6863-2048x1365-1-272x182.jpeg 272w\" sizes=\"auto, (max-width: 2048px) 100vw, 2048px\" title=\"PS6_6863-2048&#215;1365\" alt=\"\" \t\tclass=\"so-widget-image\"\/>\n\t<\/div>\n\n<\/div><\/div><\/div><\/div><\/div><\/div><\/div><\/div><\/div><\/div>","protected":false},"excerpt":{"rendered":"<p>Gartenbau Gartenbau mit Leidenschaft \u2013 Ihr Traumgarten von G\u00e4rtner G\u00e4hler GmbH. Jetzt anfragen Gartenbau von G\u00e4rtner G\u00e4hler GmbH&#8230;<\/p>\n","protected":false},"author":1,"featured_media":0,"parent":0,"menu_order":0,"comment_status":"closed","ping_status":"closed","template":"","meta":{"ngg_post_thumbnail":0,"footnotes":""},"class_list":["post-18","page","type-page","status-publish","hentry"],"_links":{"self":[{"href":"https:\/\/keen-euclid.92-205-237-139.plesk.page\/index.php\/wp-json\/wp\/v2\/pages\/18","targetHints":{"allow":["GET"]}}],"collection":[{"href":"https:\/\/keen-euclid.92-205-237-139.plesk.page\/index.php\/wp-json\/wp\/v2\/pages"}],"about":[{"href":"https:\/\/keen-euclid.92-205-237-139.plesk.page\/index.php\/wp-json\/wp\/v2\/types\/page"}],"author":[{"embeddable":true,"href":"https:\/\/keen-euclid.92-205-237-139.plesk.page\/index.php\/wp-json\/wp\/v2\/users\/1"}],"replies":[{"embeddable":true,"href":"https:\/\/keen-euclid.92-205-237-139.plesk.page\/index.php\/wp-json\/wp\/v2\/comments?post=18"}],"version-history":[{"count":8,"href":"https:\/\/keen-euclid.92-205-237-139.plesk.page\/index.php\/wp-json\/wp\/v2\/pages\/18\/revisions"}],"predecessor-version":[{"id":120,"href":"https:\/\/keen-euclid.92-205-237-139.plesk.page\/index.php\/wp-json\/wp\/v2\/pages\/18\/revisions\/120"}],"wp:attachment":[{"href":"https:\/\/keen-euclid.92-205-237-139.plesk.page\/index.php\/wp-json\/wp\/v2\/media?parent=18"}],"curies":[{"name":"wp","href":"https:\/\/api.w.org\/{rel}","templated":true}]}}