{"id":149,"date":"2026-03-23T10:50:35","date_gmt":"2026-03-23T10:50:35","guid":{"rendered":"https:\/\/keen-euclid.92-205-237-139.plesk.page\/?page_id=149"},"modified":"2026-03-23T12:29:22","modified_gmt":"2026-03-23T12:29:22","slug":"ueber-uns","status":"publish","type":"page","link":"https:\/\/keen-euclid.92-205-237-139.plesk.page\/index.php\/ueber-uns\/","title":{"rendered":"\u00dcber uns"},"content":{"rendered":"<div id=\"pl-149\"  class=\"panel-layout\" ><div id=\"pg-149-0\"  class=\"panel-grid panel-has-style\" ><div id=\"hero\" class=\"panel-row-style panel-row-style-for-149-0\" ><div id=\"pgc-149-0-0\"  class=\"panel-grid-cell\" ><div id=\"panel-149-0-0-0\" class=\"so-panel widget widget_sow-image panel-first-child\" data-index=\"0\" ><div class=\"hero-img panel-widget-style panel-widget-style-for-149-0-0-0\" ><div\n\t\t\t\n\t\t\tclass=\"so-widget-sow-image so-widget-sow-image-default-8b5b6f678277-149\"\n\t\t\t\n\t\t>\n\n<div class=\"sow-image-container \">\n\t\t<img loading=\"lazy\" decoding=\"async\" src=\"https:\/\/keen-euclid.92-205-237-139.plesk.page\/wp-content\/uploads\/2026\/03\/PS6_6587-2048x1365-1.jpeg\" width=\"2048\" height=\"1365\" srcset=\"https:\/\/keen-euclid.92-205-237-139.plesk.page\/wp-content\/uploads\/2026\/03\/PS6_6587-2048x1365-1.jpeg 2048w, https:\/\/keen-euclid.92-205-237-139.plesk.page\/wp-content\/uploads\/2026\/03\/PS6_6587-2048x1365-1-300x200.jpeg 300w, https:\/\/keen-euclid.92-205-237-139.plesk.page\/wp-content\/uploads\/2026\/03\/PS6_6587-2048x1365-1-1024x683.jpeg 1024w, https:\/\/keen-euclid.92-205-237-139.plesk.page\/wp-content\/uploads\/2026\/03\/PS6_6587-2048x1365-1-768x512.jpeg 768w, https:\/\/keen-euclid.92-205-237-139.plesk.page\/wp-content\/uploads\/2026\/03\/PS6_6587-2048x1365-1-1536x1024.jpeg 1536w, https:\/\/keen-euclid.92-205-237-139.plesk.page\/wp-content\/uploads\/2026\/03\/PS6_6587-2048x1365-1-272x182.jpeg 272w\" sizes=\"auto, (max-width: 2048px) 100vw, 2048px\" title=\"PS6_6587-2048&#215;1365\" alt=\"\" \t\tclass=\"so-widget-image\"\/>\n\t<\/div>\n\n<\/div><\/div><\/div><div id=\"panel-149-0-0-1\" class=\"so-panel widget widget_sow-editor panel-last-child\" data-index=\"1\" ><div id=\"herotext\" class=\"panel-widget-style panel-widget-style-for-149-0-0-1\" ><div\n\t\t\t\n\t\t\tclass=\"so-widget-sow-editor so-widget-sow-editor-base\"\n\t\t\t\n\t\t><div class=\"siteorigin-widget-tinymce textwidget \">\n\t<h1 data-start=\"245\" data-end=\"360\">\u00dcber uns<\/h1>\n<p data-start=\"245\" data-end=\"360\">Seit 2015 gestalten und pflegen wir G\u00e4rten mit Anspruch.<\/p>\n<\/div>\n<\/div><\/div><\/div><\/div><\/div><\/div><div id=\"pg-149-1\"  class=\"panel-grid panel-has-style\" ><div class=\"content-section content-section-s no-pb panel-row-style panel-row-style-for-149-1\" ><div id=\"pgc-149-1-0\"  class=\"panel-grid-cell\" ><div id=\"panel-149-1-0-0\" class=\"so-panel widget widget_sow-editor panel-first-child panel-last-child\" data-index=\"2\" ><div\n\t\t\t\n\t\t\tclass=\"so-widget-sow-editor so-widget-sow-editor-base\"\n\t\t\t\n\t\t><div class=\"siteorigin-widget-tinymce textwidget \">\n\t<h2>G\u00e4rtner G\u00e4hler GmbH<\/h2>\n<p class=\"title-h3\">Liebe Kundinnen &amp; Kunden,<\/p>\n<p>2015 war der Beginn unserer Reise mit der Gr\u00fcndung der G\u00e4rtner G\u00e4hler GmbH. In diesen Jahren ist es uns gelungen, ein Unternehmen zu formen, das stolz darauf ist, Ihren Lebensraum mit der Natur zu verbinden.<\/p>\n<p>Jedes Projekt, das wir realisieren durften, trug dazu bei, unsere Firma zu dem zu machen, was sie heute ist. Ihre Loyalit\u00e4t hat uns st\u00e4rker gemacht, unser Team vergr\u00f6\u00dfert und unseren Service verfeinert.<\/p>\n<p>Ich blicke mit Freude auf die Zukunft und die weiteren sch\u00f6nen G\u00e4rten, die wir f\u00fcr und mit Ihnen gestalten d\u00fcrfen.<\/p>\n<p>Mit besten Gr\u00fc\u00dfen,<\/p>\n<p><strong>Roman G\u00e4hler<\/strong><br \/>\nGesch\u00e4ftsf\u00fchrer<\/p>\n<\/div>\n<\/div><\/div><\/div><\/div><\/div><div id=\"pg-149-2\"  class=\"panel-grid panel-has-style\" ><div class=\"content-section-sticky-left after-entry-section panel-row-style panel-row-style-for-149-2\" ><div id=\"pgc-149-2-0\"  class=\"panel-grid-cell\" ><div id=\"panel-149-2-0-0\" class=\"so-panel widget widget_sow-image panel-first-child panel-last-child\" data-index=\"3\" ><div class=\"big-ar-img panel-widget-style panel-widget-style-for-149-2-0-0\" ><div\n\t\t\t\n\t\t\tclass=\"so-widget-sow-image so-widget-sow-image-default-8b5b6f678277-149\"\n\t\t\t\n\t\t>\n\n<div class=\"sow-image-container \">\n\t\t<img loading=\"lazy\" decoding=\"async\" src=\"https:\/\/keen-euclid.92-205-237-139.plesk.page\/wp-content\/uploads\/2026\/03\/PS6_6948-2048x1365-1.jpeg\" width=\"2048\" height=\"1365\" srcset=\"https:\/\/keen-euclid.92-205-237-139.plesk.page\/wp-content\/uploads\/2026\/03\/PS6_6948-2048x1365-1.jpeg 2048w, https:\/\/keen-euclid.92-205-237-139.plesk.page\/wp-content\/uploads\/2026\/03\/PS6_6948-2048x1365-1-300x200.jpeg 300w, https:\/\/keen-euclid.92-205-237-139.plesk.page\/wp-content\/uploads\/2026\/03\/PS6_6948-2048x1365-1-1024x683.jpeg 1024w, https:\/\/keen-euclid.92-205-237-139.plesk.page\/wp-content\/uploads\/2026\/03\/PS6_6948-2048x1365-1-768x512.jpeg 768w, https:\/\/keen-euclid.92-205-237-139.plesk.page\/wp-content\/uploads\/2026\/03\/PS6_6948-2048x1365-1-1536x1024.jpeg 1536w, https:\/\/keen-euclid.92-205-237-139.plesk.page\/wp-content\/uploads\/2026\/03\/PS6_6948-2048x1365-1-272x182.jpeg 272w\" sizes=\"auto, (max-width: 2048px) 100vw, 2048px\" title=\"PS6_6948-2048&#215;1365\" alt=\"\" \t\tclass=\"so-widget-image\"\/>\n\t<\/div>\n\n<\/div><\/div><\/div><\/div><div id=\"pgc-149-2-1\"  class=\"panel-grid-cell\" ><div id=\"panel-149-2-1-0\" class=\"so-panel widget widget_sow-image panel-first-child\" data-index=\"4\" ><div\n\t\t\t\n\t\t\tclass=\"so-widget-sow-image so-widget-sow-image-default-8b5b6f678277-149\"\n\t\t\t\n\t\t>\n\n<div class=\"sow-image-container \">\n\t\t<img loading=\"lazy\" decoding=\"async\" src=\"https:\/\/keen-euclid.92-205-237-139.plesk.page\/wp-content\/uploads\/2026\/03\/garden_one.jpg\" width=\"2000\" height=\"1333\" srcset=\"https:\/\/keen-euclid.92-205-237-139.plesk.page\/wp-content\/uploads\/2026\/03\/garden_one.jpg 2000w, https:\/\/keen-euclid.92-205-237-139.plesk.page\/wp-content\/uploads\/2026\/03\/garden_one-300x200.jpg 300w, https:\/\/keen-euclid.92-205-237-139.plesk.page\/wp-content\/uploads\/2026\/03\/garden_one-1024x682.jpg 1024w, https:\/\/keen-euclid.92-205-237-139.plesk.page\/wp-content\/uploads\/2026\/03\/garden_one-768x512.jpg 768w, https:\/\/keen-euclid.92-205-237-139.plesk.page\/wp-content\/uploads\/2026\/03\/garden_one-1536x1024.jpg 1536w, https:\/\/keen-euclid.92-205-237-139.plesk.page\/wp-content\/uploads\/2026\/03\/garden_one-272x182.jpg 272w\" sizes=\"auto, (max-width: 2000px) 100vw, 2000px\" alt=\"\" \t\tclass=\"so-widget-image\"\/>\n\t<\/div>\n\n<\/div><\/div><div id=\"panel-149-2-1-1\" class=\"so-panel widget widget_sow-image panel-last-child\" data-index=\"5\" ><div class=\"sm-ar-img panel-widget-style panel-widget-style-for-149-2-1-1\" ><div\n\t\t\t\n\t\t\tclass=\"so-widget-sow-image so-widget-sow-image-default-8b5b6f678277-149\"\n\t\t\t\n\t\t>\n\n<div class=\"sow-image-container \">\n\t\t<img loading=\"lazy\" decoding=\"async\" src=\"https:\/\/keen-euclid.92-205-237-139.plesk.page\/wp-content\/uploads\/2026\/03\/PS6_6546-2048x1365-1.jpeg\" width=\"2048\" height=\"1365\" srcset=\"https:\/\/keen-euclid.92-205-237-139.plesk.page\/wp-content\/uploads\/2026\/03\/PS6_6546-2048x1365-1.jpeg 2048w, https:\/\/keen-euclid.92-205-237-139.plesk.page\/wp-content\/uploads\/2026\/03\/PS6_6546-2048x1365-1-300x200.jpeg 300w, https:\/\/keen-euclid.92-205-237-139.plesk.page\/wp-content\/uploads\/2026\/03\/PS6_6546-2048x1365-1-1024x683.jpeg 1024w, https:\/\/keen-euclid.92-205-237-139.plesk.page\/wp-content\/uploads\/2026\/03\/PS6_6546-2048x1365-1-768x512.jpeg 768w, https:\/\/keen-euclid.92-205-237-139.plesk.page\/wp-content\/uploads\/2026\/03\/PS6_6546-2048x1365-1-1536x1024.jpeg 1536w, https:\/\/keen-euclid.92-205-237-139.plesk.page\/wp-content\/uploads\/2026\/03\/PS6_6546-2048x1365-1-272x182.jpeg 272w\" sizes=\"auto, (max-width: 2048px) 100vw, 2048px\" title=\"PS6_6546-2048&#215;1365\" alt=\"\" \t\tclass=\"so-widget-image\"\/>\n\t<\/div>\n\n<\/div><\/div><\/div><\/div><\/div><\/div><div id=\"pg-149-3\"  class=\"panel-grid panel-has-style\" ><div class=\"content-section content-section-s no-pt no-pb panel-row-style panel-row-style-for-149-3\" ><div id=\"pgc-149-3-0\"  class=\"panel-grid-cell\" ><div id=\"panel-149-3-0-0\" class=\"so-panel widget widget_sow-editor panel-first-child panel-last-child\" data-index=\"6\" ><div\n\t\t\t\n\t\t\tclass=\"so-widget-sow-editor so-widget-sow-editor-base\"\n\t\t\t\n\t\t><div class=\"siteorigin-widget-tinymce textwidget \">\n\t<h2>Unser Service<\/h2>\n<p><strong>Seit 2015 gestalten und pflegen wir G\u00e4rten mit Anspruch.<br \/>\n<\/strong>Ob Gartenbau, Unterhaltsservice oder Facility Services \u2013 wir stehen f\u00fcr zuverl\u00e4ssige Arbeit, saubere Umsetzung und pers\u00f6nliche Betreuung von Anfang bis Ende.<\/p>\n<\/div>\n<\/div><\/div><\/div><\/div><\/div><div id=\"pg-149-4\"  class=\"panel-grid panel-has-style\" ><div class=\"content-section panel-row-style panel-row-style-for-149-4\" id=\"services-home\" ><div id=\"pgc-149-4-0\"  class=\"panel-grid-cell\" ><div id=\"panel-149-4-0-0\" class=\"so-panel widget widget_siteorigin-panels-builder panel-first-child panel-last-child\" data-index=\"7\" ><div class=\"services panel-widget-style panel-widget-style-for-149-4-0-0\" ><div id=\"pl-w69c05722c4a80\"  class=\"panel-layout\" ><div id=\"pg-w69c05722c4a80-0\"  class=\"panel-grid panel-no-style\" ><div id=\"pgc-w69c05722c4a80-0-0\"  class=\"panel-grid-cell\" ><div id=\"panel-w69c05722c4a80-0-0-0\" class=\"so-panel widget widget_sow-image panel-first-child\" data-index=\"0\" ><div\n\t\t\t\n\t\t\tclass=\"so-widget-sow-image so-widget-sow-image-default-8b5b6f678277\"\n\t\t\t\n\t\t>\n\n<div class=\"sow-image-container \">\n\t\t<img loading=\"lazy\" decoding=\"async\" src=\"https:\/\/keen-euclid.92-205-237-139.plesk.page\/wp-content\/uploads\/2026\/03\/ico1.png\" width=\"316\" height=\"317\" srcset=\"https:\/\/keen-euclid.92-205-237-139.plesk.page\/wp-content\/uploads\/2026\/03\/ico1.png 316w, https:\/\/keen-euclid.92-205-237-139.plesk.page\/wp-content\/uploads\/2026\/03\/ico1-300x300.png 300w, https:\/\/keen-euclid.92-205-237-139.plesk.page\/wp-content\/uploads\/2026\/03\/ico1-150x150.png 150w\" sizes=\"auto, (max-width: 316px) 100vw, 316px\" alt=\"\" \t\tclass=\"so-widget-image\"\/>\n\t<\/div>\n\n<\/div><\/div><div id=\"panel-w69c05722c4a80-0-0-1\" class=\"so-panel widget widget_sow-editor panel-last-child\" data-index=\"1\" ><div\n\t\t\t\n\t\t\tclass=\"so-widget-sow-editor so-widget-sow-editor-base\"\n\t\t\t\n\t\t><div class=\"siteorigin-widget-tinymce textwidget \">\n\t<h3>Gartenbau<\/h3>\n<ul>\n<li><strong>Gartendesign<\/strong><\/li>\n<li><strong>Boden und Bepflanzung<\/strong><\/li>\n<li><strong>Wege und Pl\u00e4tze<\/strong><\/li>\n<li><strong>Wasserelemente<\/strong><\/li>\n<li><strong>Mauern und Z\u00e4une<\/strong><\/li>\n<li><strong>Terrassenbau<\/strong><\/li>\n<li><strong>Treppenbau im Garten<\/strong><\/li>\n<\/ul>\n<p><a class=\"more-btn\" href=\"\/gartenbau\">mehr erfahren<\/a><\/p>\n<\/div>\n<\/div><\/div><\/div><div id=\"pgc-w69c05722c4a80-0-1\"  class=\"panel-grid-cell\" ><div id=\"panel-w69c05722c4a80-0-1-0\" class=\"so-panel widget widget_sow-image panel-first-child\" data-index=\"2\" ><div\n\t\t\t\n\t\t\tclass=\"so-widget-sow-image so-widget-sow-image-default-8b5b6f678277\"\n\t\t\t\n\t\t>\n\n<div class=\"sow-image-container \">\n\t\t<img loading=\"lazy\" decoding=\"async\" src=\"https:\/\/keen-euclid.92-205-237-139.plesk.page\/wp-content\/uploads\/2026\/03\/icon3.png\" width=\"316\" height=\"317\" srcset=\"https:\/\/keen-euclid.92-205-237-139.plesk.page\/wp-content\/uploads\/2026\/03\/icon3.png 316w, https:\/\/keen-euclid.92-205-237-139.plesk.page\/wp-content\/uploads\/2026\/03\/icon3-300x300.png 300w, https:\/\/keen-euclid.92-205-237-139.plesk.page\/wp-content\/uploads\/2026\/03\/icon3-150x150.png 150w\" sizes=\"auto, (max-width: 316px) 100vw, 316px\" alt=\"\" \t\tclass=\"so-widget-image\"\/>\n\t<\/div>\n\n<\/div><\/div><div id=\"panel-w69c05722c4a80-0-1-1\" class=\"so-panel widget widget_sow-editor panel-last-child\" data-index=\"3\" ><div\n\t\t\t\n\t\t\tclass=\"so-widget-sow-editor so-widget-sow-editor-base\"\n\t\t\t\n\t\t><div class=\"siteorigin-widget-tinymce textwidget \">\n\t<h3>Unterhaltsservice<\/h3>\n<ul class=\"wp-block-list\">\n<li><strong>Plattenreinigung<\/strong><\/li>\n<li><strong>Mauerwerkspflege<\/strong><\/li>\n<li><strong>Rasen- und Pflanzenpflege<\/strong><\/li>\n<li><strong>Baumschnitt und Heckengestaltung<\/strong><\/li>\n<li><strong>Unkrautkontrolle und saisonale Bepflanzung<\/strong><\/li>\n<li><strong>Laubbeseitigung<\/strong><\/li>\n<li><strong>Bew\u00e4sserungssysteme<\/strong><\/li>\n<\/ul>\n<p><a class=\"more-btn\" href=\"\/unterhaltsservice\">mehr erfahren<\/a><\/p>\n<\/div>\n<\/div><\/div><\/div><div id=\"pgc-w69c05722c4a80-0-2\"  class=\"panel-grid-cell\" ><div id=\"panel-w69c05722c4a80-0-2-0\" class=\"so-panel widget widget_sow-image panel-first-child\" data-index=\"4\" ><div\n\t\t\t\n\t\t\tclass=\"so-widget-sow-image so-widget-sow-image-default-8b5b6f678277\"\n\t\t\t\n\t\t>\n\n<div class=\"sow-image-container \">\n\t\t<img loading=\"lazy\" decoding=\"async\" src=\"https:\/\/keen-euclid.92-205-237-139.plesk.page\/wp-content\/uploads\/2026\/03\/icon2.png\" width=\"316\" height=\"317\" srcset=\"https:\/\/keen-euclid.92-205-237-139.plesk.page\/wp-content\/uploads\/2026\/03\/icon2.png 316w, https:\/\/keen-euclid.92-205-237-139.plesk.page\/wp-content\/uploads\/2026\/03\/icon2-300x300.png 300w, https:\/\/keen-euclid.92-205-237-139.plesk.page\/wp-content\/uploads\/2026\/03\/icon2-150x150.png 150w\" sizes=\"auto, (max-width: 316px) 100vw, 316px\" alt=\"\" \t\tclass=\"so-widget-image\"\/>\n\t<\/div>\n\n<\/div><\/div><div id=\"panel-w69c05722c4a80-0-2-1\" class=\"so-panel widget widget_sow-editor panel-last-child\" data-index=\"5\" ><div\n\t\t\t\n\t\t\tclass=\"so-widget-sow-editor so-widget-sow-editor-base\"\n\t\t\t\n\t\t><div class=\"siteorigin-widget-tinymce textwidget \">\n\t<h3>Facility Services<\/h3>\n<ul>\n<li><strong>Reinigung und Pflege<\/strong><\/li>\n<li><strong>Gr\u00fcnfl\u00e4chenmanagement<\/strong><\/li>\n<li><strong>Winterdienste<\/strong><\/li>\n<li><strong>Hausmeisterservice<\/strong><\/li>\n<\/ul>\n<p><a class=\"more-btn\" href=\"\/facility-services\">mehr erfahren<\/a><\/p>\n<\/div>\n<\/div><\/div><\/div><\/div><\/div><\/div><\/div><\/div><\/div><\/div><\/div>","protected":false},"excerpt":{"rendered":"<p>\u00dcber uns Seit 2015 gestalten und pflegen wir G\u00e4rten mit Anspruch. G\u00e4rtner G\u00e4hler GmbH Liebe Kundinnen &amp; Kunden,&#8230;<\/p>\n","protected":false},"author":1,"featured_media":0,"parent":0,"menu_order":0,"comment_status":"closed","ping_status":"closed","template":"","meta":{"ngg_post_thumbnail":0,"footnotes":""},"class_list":["post-149","page","type-page","status-publish","hentry"],"_links":{"self":[{"href":"https:\/\/keen-euclid.92-205-237-139.plesk.page\/index.php\/wp-json\/wp\/v2\/pages\/149","targetHints":{"allow":["GET"]}}],"collection":[{"href":"https:\/\/keen-euclid.92-205-237-139.plesk.page\/index.php\/wp-json\/wp\/v2\/pages"}],"about":[{"href":"https:\/\/keen-euclid.92-205-237-139.plesk.page\/index.php\/wp-json\/wp\/v2\/types\/page"}],"author":[{"embeddable":true,"href":"https:\/\/keen-euclid.92-205-237-139.plesk.page\/index.php\/wp-json\/wp\/v2\/users\/1"}],"replies":[{"embeddable":true,"href":"https:\/\/keen-euclid.92-205-237-139.plesk.page\/index.php\/wp-json\/wp\/v2\/comments?post=149"}],"version-history":[{"count":10,"href":"https:\/\/keen-euclid.92-205-237-139.plesk.page\/index.php\/wp-json\/wp\/v2\/pages\/149\/revisions"}],"predecessor-version":[{"id":336,"href":"https:\/\/keen-euclid.92-205-237-139.plesk.page\/index.php\/wp-json\/wp\/v2\/pages\/149\/revisions\/336"}],"wp:attachment":[{"href":"https:\/\/keen-euclid.92-205-237-139.plesk.page\/index.php\/wp-json\/wp\/v2\/media?parent=149"}],"curies":[{"name":"wp","href":"https:\/\/api.w.org\/{rel}","templated":true}]}}