{"id":129,"date":"2026-03-23T10:31:50","date_gmt":"2026-03-23T10:31:50","guid":{"rendered":"https:\/\/keen-euclid.92-205-237-139.plesk.page\/?page_id=129"},"modified":"2026-03-23T12:18:07","modified_gmt":"2026-03-23T12:18:07","slug":"zaeune","status":"publish","type":"page","link":"https:\/\/keen-euclid.92-205-237-139.plesk.page\/index.php\/zaeune\/","title":{"rendered":"Z\u00e4une"},"content":{"rendered":"<div id=\"pl-129\"  class=\"panel-layout\" ><div id=\"pg-129-0\"  class=\"panel-grid panel-has-style\" ><div id=\"hero\" class=\"panel-row-style panel-row-style-for-129-0\" ><div id=\"pgc-129-0-0\"  class=\"panel-grid-cell\" ><div id=\"panel-129-0-0-0\" class=\"so-panel widget widget_sow-image panel-first-child\" data-index=\"0\" ><div class=\"hero-img panel-widget-style panel-widget-style-for-129-0-0-0\" ><div\n\t\t\t\n\t\t\tclass=\"so-widget-sow-image so-widget-sow-image-default-8b5b6f678277-129\"\n\t\t\t\n\t\t>\n\n<div class=\"sow-image-container \">\n\t\t<img loading=\"lazy\" decoding=\"async\" src=\"https:\/\/keen-euclid.92-205-237-139.plesk.page\/wp-content\/uploads\/2026\/03\/PS6_6616-2048x1365-2.jpeg\" width=\"2048\" height=\"1365\" srcset=\"https:\/\/keen-euclid.92-205-237-139.plesk.page\/wp-content\/uploads\/2026\/03\/PS6_6616-2048x1365-2.jpeg 2048w, https:\/\/keen-euclid.92-205-237-139.plesk.page\/wp-content\/uploads\/2026\/03\/PS6_6616-2048x1365-2-300x200.jpeg 300w, https:\/\/keen-euclid.92-205-237-139.plesk.page\/wp-content\/uploads\/2026\/03\/PS6_6616-2048x1365-2-1024x683.jpeg 1024w, https:\/\/keen-euclid.92-205-237-139.plesk.page\/wp-content\/uploads\/2026\/03\/PS6_6616-2048x1365-2-768x512.jpeg 768w, https:\/\/keen-euclid.92-205-237-139.plesk.page\/wp-content\/uploads\/2026\/03\/PS6_6616-2048x1365-2-1536x1024.jpeg 1536w, https:\/\/keen-euclid.92-205-237-139.plesk.page\/wp-content\/uploads\/2026\/03\/PS6_6616-2048x1365-2-272x182.jpeg 272w\" sizes=\"auto, (max-width: 2048px) 100vw, 2048px\" title=\"PS6_6616-2048&#215;1365\" alt=\"\" \t\tclass=\"so-widget-image\"\/>\n\t<\/div>\n\n<\/div><\/div><\/div><div id=\"panel-129-0-0-1\" class=\"so-panel widget widget_sow-editor panel-last-child\" data-index=\"1\" ><div id=\"herotext\" class=\"panel-widget-style panel-widget-style-for-129-0-0-1\" ><div\n\t\t\t\n\t\t\tclass=\"so-widget-sow-editor so-widget-sow-editor-base\"\n\t\t\t\n\t\t><div class=\"siteorigin-widget-tinymce textwidget \">\n\t<h1 class=\"title-h1\">Z\u00e4une<\/h1>\n<p data-start=\"245\" data-end=\"360\">Hier finden Sie Referenzen zum Schwerpunkt Z\u00e4une<\/p>\n<\/div>\n<\/div><\/div><\/div><\/div><\/div><\/div><div id=\"pg-129-1\"  class=\"panel-grid panel-has-style\" ><div class=\"content-section content-section-s last panel-row-style panel-row-style-for-129-1\" ><div id=\"pgc-129-1-0\"  class=\"panel-grid-cell\" ><div id=\"panel-129-1-0-0\" class=\"so-panel widget widget_sow-editor panel-first-child panel-last-child\" data-index=\"2\" ><div\n\t\t\t\n\t\t\tclass=\"so-widget-sow-editor so-widget-sow-editor-base\"\n\t\t\t\n\t\t><div class=\"siteorigin-widget-tinymce textwidget \">\n\t<h2 class=\"title-h1\">Eingez\u00e4unte Erholungs<br \/>\nOase in D\u00fcbendorf<\/h2>\nngg_shortcode_0_placeholder\n<\/div>\n<\/div><\/div><\/div><\/div><\/div><\/div>","protected":false},"excerpt":{"rendered":"<p>Z\u00e4une Hier finden Sie Referenzen zum Schwerpunkt Z\u00e4une Eingez\u00e4unte Erholungs Oase in D\u00fcbendorf<\/p>\n","protected":false},"author":1,"featured_media":0,"parent":0,"menu_order":0,"comment_status":"closed","ping_status":"closed","template":"","meta":{"ngg_post_thumbnail":0,"footnotes":""},"class_list":["post-129","page","type-page","status-publish","hentry"],"_links":{"self":[{"href":"https:\/\/keen-euclid.92-205-237-139.plesk.page\/index.php\/wp-json\/wp\/v2\/pages\/129","targetHints":{"allow":["GET"]}}],"collection":[{"href":"https:\/\/keen-euclid.92-205-237-139.plesk.page\/index.php\/wp-json\/wp\/v2\/pages"}],"about":[{"href":"https:\/\/keen-euclid.92-205-237-139.plesk.page\/index.php\/wp-json\/wp\/v2\/types\/page"}],"author":[{"embeddable":true,"href":"https:\/\/keen-euclid.92-205-237-139.plesk.page\/index.php\/wp-json\/wp\/v2\/users\/1"}],"replies":[{"embeddable":true,"href":"https:\/\/keen-euclid.92-205-237-139.plesk.page\/index.php\/wp-json\/wp\/v2\/comments?post=129"}],"version-history":[{"count":3,"href":"https:\/\/keen-euclid.92-205-237-139.plesk.page\/index.php\/wp-json\/wp\/v2\/pages\/129\/revisions"}],"predecessor-version":[{"id":332,"href":"https:\/\/keen-euclid.92-205-237-139.plesk.page\/index.php\/wp-json\/wp\/v2\/pages\/129\/revisions\/332"}],"wp:attachment":[{"href":"https:\/\/keen-euclid.92-205-237-139.plesk.page\/index.php\/wp-json\/wp\/v2\/media?parent=129"}],"curies":[{"name":"wp","href":"https:\/\/api.w.org\/{rel}","templated":true}]}}