{"id":127,"date":"2026-03-23T10:31:38","date_gmt":"2026-03-23T10:31:38","guid":{"rendered":"https:\/\/keen-euclid.92-205-237-139.plesk.page\/?page_id=127"},"modified":"2026-03-23T12:05:40","modified_gmt":"2026-03-23T12:05:40","slug":"sichtschutz","status":"publish","type":"page","link":"https:\/\/keen-euclid.92-205-237-139.plesk.page\/index.php\/sichtschutz\/","title":{"rendered":"Sichtschutz"},"content":{"rendered":"<div id=\"pl-127\"  class=\"panel-layout\" ><div id=\"pg-127-0\"  class=\"panel-grid panel-has-style\" ><div id=\"hero\" class=\"panel-row-style panel-row-style-for-127-0\" ><div id=\"pgc-127-0-0\"  class=\"panel-grid-cell\" ><div id=\"panel-127-0-0-0\" class=\"so-panel widget widget_sow-image panel-first-child\" data-index=\"0\" ><div class=\"hero-img panel-widget-style panel-widget-style-for-127-0-0-0\" ><div\n\t\t\t\n\t\t\tclass=\"so-widget-sow-image so-widget-sow-image-default-8b5b6f678277-127\"\n\t\t\t\n\t\t>\n\n<div class=\"sow-image-container \">\n\t\t<img loading=\"lazy\" decoding=\"async\" src=\"https:\/\/keen-euclid.92-205-237-139.plesk.page\/wp-content\/uploads\/2026\/03\/PS6_6861-2048x1365-1.jpg\" width=\"2200\" height=\"1466\" srcset=\"https:\/\/keen-euclid.92-205-237-139.plesk.page\/wp-content\/uploads\/2026\/03\/PS6_6861-2048x1365-1.jpg 2200w, https:\/\/keen-euclid.92-205-237-139.plesk.page\/wp-content\/uploads\/2026\/03\/PS6_6861-2048x1365-1-300x200.jpg 300w, https:\/\/keen-euclid.92-205-237-139.plesk.page\/wp-content\/uploads\/2026\/03\/PS6_6861-2048x1365-1-1024x682.jpg 1024w, https:\/\/keen-euclid.92-205-237-139.plesk.page\/wp-content\/uploads\/2026\/03\/PS6_6861-2048x1365-1-768x512.jpg 768w, https:\/\/keen-euclid.92-205-237-139.plesk.page\/wp-content\/uploads\/2026\/03\/PS6_6861-2048x1365-1-1536x1024.jpg 1536w, https:\/\/keen-euclid.92-205-237-139.plesk.page\/wp-content\/uploads\/2026\/03\/PS6_6861-2048x1365-1-2048x1365.jpg 2048w, https:\/\/keen-euclid.92-205-237-139.plesk.page\/wp-content\/uploads\/2026\/03\/PS6_6861-2048x1365-1-272x182.jpg 272w\" sizes=\"auto, (max-width: 2200px) 100vw, 2200px\" title=\"PS6_6861-2048&#215;1365\" alt=\"\" \t\tclass=\"so-widget-image\"\/>\n\t<\/div>\n\n<\/div><\/div><\/div><div id=\"panel-127-0-0-1\" class=\"so-panel widget widget_sow-editor panel-last-child\" data-index=\"1\" ><div id=\"herotext\" class=\"panel-widget-style panel-widget-style-for-127-0-0-1\" ><div\n\t\t\t\n\t\t\tclass=\"so-widget-sow-editor so-widget-sow-editor-base\"\n\t\t\t\n\t\t><div class=\"siteorigin-widget-tinymce textwidget \">\n\t<h1 class=\"title-h1\">Sichtschutz<\/h1>\n<p data-start=\"245\" data-end=\"360\">Hier finden Sie Referenzen zum Schwerpunkt Sichtschutz<\/p>\n<\/div>\n<\/div><\/div><\/div><\/div><\/div><\/div><div id=\"pg-127-1\"  class=\"panel-grid panel-has-style\" ><div class=\"content-section content-section-s panel-row-style panel-row-style-for-127-1\" ><div id=\"pgc-127-1-0\"  class=\"panel-grid-cell\" ><div id=\"panel-127-1-0-0\" class=\"so-panel widget widget_sow-editor panel-first-child panel-last-child\" data-index=\"2\" ><div\n\t\t\t\n\t\t\tclass=\"so-widget-sow-editor so-widget-sow-editor-base\"\n\t\t\t\n\t\t><div class=\"siteorigin-widget-tinymce textwidget \">\n\t<h2 class=\"title-h1\">Terassengarten<br \/>\nmit Biotop in H\u00f6ngg<\/h2>\nngg_shortcode_0_placeholder\n<\/div>\n<\/div><\/div><\/div><\/div><\/div><div id=\"pg-127-2\"  class=\"panel-grid panel-has-style\" ><div class=\"content-section content-section-s no-pt panel-row-style panel-row-style-for-127-2\" ><div id=\"pgc-127-2-0\"  class=\"panel-grid-cell\" ><div id=\"panel-127-2-0-0\" class=\"so-panel widget widget_sow-editor panel-first-child panel-last-child\" data-index=\"3\" ><div\n\t\t\t\n\t\t\tclass=\"so-widget-sow-editor so-widget-sow-editor-base\"\n\t\t\t\n\t\t><div class=\"siteorigin-widget-tinymce textwidget \">\n\t<h2 class=\"title-h1\">Swim Spa mit englischem<br \/>\nRasen &amp; Outdoor Dusche<\/h2>\nngg_shortcode_1_placeholder\n<\/div>\n<\/div><\/div><\/div><\/div><\/div><div id=\"pg-127-3\"  class=\"panel-grid panel-has-style\" ><div class=\"content-section content-section-s no-pt panel-row-style panel-row-style-for-127-3\" ><div id=\"pgc-127-3-0\"  class=\"panel-grid-cell\" ><div id=\"panel-127-3-0-0\" class=\"so-panel widget widget_sow-editor panel-first-child panel-last-child\" data-index=\"4\" ><div\n\t\t\t\n\t\t\tclass=\"so-widget-sow-editor so-widget-sow-editor-base\"\n\t\t\t\n\t\t><div class=\"siteorigin-widget-tinymce textwidget \">\n\t<h2 class=\"title-h1\">Gartentraum<br \/>\nin Bassersdorf<\/h2>\nngg_shortcode_2_placeholder\n<\/div>\n<\/div><\/div><\/div><\/div><\/div><div id=\"pg-127-4\"  class=\"panel-grid panel-has-style\" ><div class=\"content-section content-section-s no-pt last panel-row-style panel-row-style-for-127-4\" ><div id=\"pgc-127-4-0\"  class=\"panel-grid-cell\" ><div id=\"panel-127-4-0-0\" class=\"so-panel widget widget_sow-editor panel-first-child panel-last-child\" data-index=\"5\" ><div\n\t\t\t\n\t\t\tclass=\"so-widget-sow-editor so-widget-sow-editor-base\"\n\t\t\t\n\t\t><div class=\"siteorigin-widget-tinymce textwidget \">\n\t<h2 class=\"header__title\">Aussenterasse mit<br \/>\nBepflanzung &amp; Sichtschutz<\/h2>\n<p>F\u00fcr einen Privatgarten haben wir von G\u00e4rtner G\u00e4hler GmbH ein harmonisches Konzept aus Plattenwegen, Bepflanzung und Sichtschutz realisiert. Die sorgf\u00e4ltig verlegten Platten schaffen stabile, \u00e4sthetische Wege und Terrassen, w\u00e4hrend die vielf\u00e4ltigen Pflanzen Farbe und Leben in den Garten bringen. Mit bedachtem Sichtschutz bieten wir unseren Kunden eine private Atmosph\u00e4re, die sich nat\u00fcrlich in die Gartengestaltung einf\u00fcgt. Ein perfektes Zusammenspiel von Funktionalit\u00e4t und \u00c4sthetik macht diesen Garten zu einem pers\u00f6nlichen Erholungsort.<\/p>\nngg_shortcode_3_placeholder\n<\/div>\n<\/div><\/div><\/div><\/div><\/div><\/div>","protected":false},"excerpt":{"rendered":"<p>Sichtschutz Hier finden Sie Referenzen zum Schwerpunkt Sichtschutz Terassengarten mit Biotop in H\u00f6ngg<\/p>\n","protected":false},"author":1,"featured_media":0,"parent":0,"menu_order":0,"comment_status":"closed","ping_status":"closed","template":"","meta":{"ngg_post_thumbnail":0,"footnotes":""},"class_list":["post-127","page","type-page","status-publish","hentry"],"_links":{"self":[{"href":"https:\/\/keen-euclid.92-205-237-139.plesk.page\/index.php\/wp-json\/wp\/v2\/pages\/127","targetHints":{"allow":["GET"]}}],"collection":[{"href":"https:\/\/keen-euclid.92-205-237-139.plesk.page\/index.php\/wp-json\/wp\/v2\/pages"}],"about":[{"href":"https:\/\/keen-euclid.92-205-237-139.plesk.page\/index.php\/wp-json\/wp\/v2\/types\/page"}],"author":[{"embeddable":true,"href":"https:\/\/keen-euclid.92-205-237-139.plesk.page\/index.php\/wp-json\/wp\/v2\/users\/1"}],"replies":[{"embeddable":true,"href":"https:\/\/keen-euclid.92-205-237-139.plesk.page\/index.php\/wp-json\/wp\/v2\/comments?post=127"}],"version-history":[{"count":13,"href":"https:\/\/keen-euclid.92-205-237-139.plesk.page\/index.php\/wp-json\/wp\/v2\/pages\/127\/revisions"}],"predecessor-version":[{"id":287,"href":"https:\/\/keen-euclid.92-205-237-139.plesk.page\/index.php\/wp-json\/wp\/v2\/pages\/127\/revisions\/287"}],"wp:attachment":[{"href":"https:\/\/keen-euclid.92-205-237-139.plesk.page\/index.php\/wp-json\/wp\/v2\/media?parent=127"}],"curies":[{"name":"wp","href":"https:\/\/api.w.org\/{rel}","templated":true}]}}